{"id":4081,"date":"2024-08-26T15:54:44","date_gmt":"2024-08-26T13:54:44","guid":{"rendered":"https:\/\/philenis.ch\/nuestros-proyectos\/"},"modified":"2025-08-22T14:10:45","modified_gmt":"2025-08-22T12:10:45","slug":"nuestros-proyectos","status":"publish","type":"page","link":"https:\/\/philenis.ch\/es\/nuestros-proyectos\/","title":{"rendered":"Nuestros proyectos"},"content":{"rendered":"\t\t<div data-elementor-type=\"wp-page\" data-elementor-id=\"4081\" class=\"elementor elementor-4081 elementor-15\" data-elementor-post-type=\"page\">\n\t\t\t\t<div class=\"elementor-element elementor-element-93263f3 e-flex e-con-boxed e-con e-parent\" data-id=\"93263f3\" data-element_type=\"container\" data-e-type=\"container\" data-settings=\"{&quot;background_background&quot;:&quot;classic&quot;}\">\n\t\t\t\t\t<div class=\"e-con-inner\">\n\t\t<div class=\"elementor-element elementor-element-6c32ff7 e-flex e-con-boxed e-con e-child\" data-id=\"6c32ff7\" data-element_type=\"container\" data-e-type=\"container\">\n\t\t\t\t\t<div class=\"e-con-inner\">\n\t\t\t\t<div class=\"elementor-element elementor-element-888fcee elementor-widget elementor-widget-heading\" data-id=\"888fcee\" data-element_type=\"widget\" data-e-type=\"widget\" data-widget_type=\"heading.default\">\n\t\t\t\t<div class=\"elementor-widget-container\">\n\t\t\t\t\t<h1 class=\"elementor-heading-title elementor-size-default\">Nuestros proyectos<\/h1>\t\t\t\t<\/div>\n\t\t\t\t<\/div>\n\t\t\t\t\t<\/div>\n\t\t\t\t<\/div>\n\t\t\t\t\t<\/div>\n\t\t\t\t<\/div>\n\t\t<div class=\"elementor-element elementor-element-2e57731 e-flex e-con-boxed e-con e-parent\" data-id=\"2e57731\" data-element_type=\"container\" data-e-type=\"container\" data-settings=\"{&quot;background_background&quot;:&quot;classic&quot;}\">\n\t\t\t\t\t<div class=\"e-con-inner\">\n\t\t<div class=\"elementor-element elementor-element-e6f9180 e-con-full e-flex e-con e-child\" data-id=\"e6f9180\" data-element_type=\"container\" data-e-type=\"container\">\n\t\t\t\t<div class=\"elementor-element elementor-element-b8c1b3c elementor-widget elementor-widget-image\" data-id=\"b8c1b3c\" data-element_type=\"widget\" data-e-type=\"widget\" data-widget_type=\"image.default\">\n\t\t\t\t<div class=\"elementor-widget-container\">\n\t\t\t\t\t\t\t\t\t\t\t\t\t\t\t<img fetchpriority=\"high\" decoding=\"async\" width=\"1000\" height=\"1286\" src=\"https:\/\/philenis.ch\/wp-content\/uploads\/2024\/10\/immeuble_haut-1.png\" class=\"attachment-full size-full wp-image-4066\" alt=\"\" srcset=\"https:\/\/philenis.ch\/wp-content\/uploads\/2024\/10\/immeuble_haut-1.png 1000w, https:\/\/philenis.ch\/wp-content\/uploads\/2024\/10\/immeuble_haut-1-233x300.png 233w, https:\/\/philenis.ch\/wp-content\/uploads\/2024\/10\/immeuble_haut-1-796x1024.png 796w, https:\/\/philenis.ch\/wp-content\/uploads\/2024\/10\/immeuble_haut-1-768x988.png 768w\" sizes=\"(max-width: 1000px) 100vw, 1000px\" \/>\t\t\t\t\t\t\t\t\t\t\t\t\t\t\t<\/div>\n\t\t\t\t<\/div>\n\t\t\t\t<\/div>\n\t\t<div class=\"elementor-element elementor-element-a9c885b e-con-full e-flex e-con e-child\" data-id=\"a9c885b\" data-element_type=\"container\" data-e-type=\"container\">\n\t\t\t\t<div class=\"elementor-element elementor-element-a329b13 elementor-widget elementor-widget-heading\" data-id=\"a329b13\" data-element_type=\"widget\" data-e-type=\"widget\" data-widget_type=\"heading.default\">\n\t\t\t\t<div class=\"elementor-widget-container\">\n\t\t\t\t\t<h3 class=\"elementor-heading-title elementor-size-default\">El Barillon<\/h3>\t\t\t\t<\/div>\n\t\t\t\t<\/div>\n\t\t\t\t<div class=\"elementor-element elementor-element-db193da elementor-widget elementor-widget-text-editor\" data-id=\"db193da\" data-element_type=\"widget\" data-e-type=\"widget\" data-widget_type=\"text-editor.default\">\n\t\t\t\t<div class=\"elementor-widget-container\">\n\t\t\t\t\t\t\t\t\t<p>En noviembre de 2023, la Fundaci\u00f3n adquiri\u00f3 un antiguo hotel situado en el coraz\u00f3n del barrio de P\u00e2quis. Tras su renovaci\u00f3n por la Fundaci\u00f3n, este establecimiento cuenta con 23 habitaciones amuebladas y equipadas con acceso a cocinas compartidas, una recepci\u00f3n, un cajero autom\u00e1tico y un servicio de seguridad.<\/p><p align=\"justify\">Dos categor\u00edas de alquiler en Le Barillon\u00a0:<\/p><ul><li>A : Habitaciones estilo apart-hotel destinadas al alquiler por per\u00edodos de uno a tres meses, renovables. Estas habitaciones amuebladas, equipadas con televisor, microondas y frigor\u00edfico, est\u00e1n distribuidas en tres plantas con acceso a una cocina compartida y una lavander\u00eda. Se requiere reserva. <a href=\"https:\/\/philenis.ch\/es\/alquileres\/\">Reservas<\/a><\/li><li>B : Habitaciones reservadas para estancias cortas, desde 1 semana hasta un m\u00e1ximo de 3 meses. Se requiere reserva. <a href=\"https:\/\/philenis.ch\/es\/alquileres\/\">Reservas <\/a><\/li><\/ul><p>Informaci\u00f3n importante: A efectos de la ley L_PROST, el Barillon funciona como sal\u00f3n de masajes er\u00f3ticos. Para alquilar una habitaci\u00f3n, los\/las TdS deben <a href=\"https:\/\/guide.aspasie.ch\/fr\/\">jercer legalmente en Ginebra<\/a> y estar registrados\/as en el <a href=\"https:\/\/www.aspasie.ch\/exercer-a-geneve\/prendre-rendez-vous-a-la-btpi\/\">BTPI<\/a>.<\/p><p>El proyecto Barillon crea un entorno favorable para las trabajadoras del sexo, limitando las presiones \ufb01nancieras y d\u00e1ndoles verdadera autonom\u00eda en su trabajo. Las\/los TdS reservan ellas mismas las habitaciones directamente, sin intermediarios.<\/p><p>Adem\u00e1s de los locales, el Barillon sigue siendo un lugar clave para difundir informaci\u00f3n \u00fatil a los\/las TdS, por ejemplo sobre la prevensii\u00f3n de riesgos y salud.<\/p>\t\t\t\t\t\t\t\t<\/div>\n\t\t\t\t<\/div>\n\t\t\t\t<\/div>\n\t\t\t\t\t<\/div>\n\t\t\t\t<\/div>\n\t\t<div class=\"elementor-element elementor-element-4cb475b e-flex e-con-boxed e-con e-parent\" data-id=\"4cb475b\" data-element_type=\"container\" data-e-type=\"container\" data-settings=\"{&quot;background_background&quot;:&quot;classic&quot;}\">\n\t\t\t\t\t<div class=\"e-con-inner\">\n\t\t<div class=\"elementor-element elementor-element-9741bfd e-con-full e-flex e-con e-child\" data-id=\"9741bfd\" data-element_type=\"container\" data-e-type=\"container\">\n\t\t\t\t<div class=\"elementor-element elementor-element-96fcfeb elementor-widget elementor-widget-image\" data-id=\"96fcfeb\" data-element_type=\"widget\" data-e-type=\"widget\" data-widget_type=\"image.default\">\n\t\t\t\t<div class=\"elementor-widget-container\">\n\t\t\t\t\t\t\t\t\t\t\t\t\t\t\t<img decoding=\"async\" width=\"1000\" height=\"1286\" src=\"https:\/\/philenis.ch\/wp-content\/uploads\/2024\/10\/immeuble_centre-1.png\" class=\"attachment-full size-full wp-image-4070\" alt=\"\" srcset=\"https:\/\/philenis.ch\/wp-content\/uploads\/2024\/10\/immeuble_centre-1.png 1000w, https:\/\/philenis.ch\/wp-content\/uploads\/2024\/10\/immeuble_centre-1-233x300.png 233w, https:\/\/philenis.ch\/wp-content\/uploads\/2024\/10\/immeuble_centre-1-796x1024.png 796w, https:\/\/philenis.ch\/wp-content\/uploads\/2024\/10\/immeuble_centre-1-768x988.png 768w\" sizes=\"(max-width: 1000px) 100vw, 1000px\" \/>\t\t\t\t\t\t\t\t\t\t\t\t\t\t\t<\/div>\n\t\t\t\t<\/div>\n\t\t\t\t<\/div>\n\t\t<div class=\"elementor-element elementor-element-458f621 e-con-full e-flex e-con e-child\" data-id=\"458f621\" data-element_type=\"container\" data-e-type=\"container\">\n\t\t\t\t<div class=\"elementor-element elementor-element-57ee7d9 elementor-widget elementor-widget-heading\" data-id=\"57ee7d9\" data-element_type=\"widget\" data-e-type=\"widget\" data-widget_type=\"heading.default\">\n\t\t\t\t<div class=\"elementor-widget-container\">\n\t\t\t\t\t<h3 class=\"elementor-heading-title elementor-size-default\">Calle Pellegrino-Rossi<\/h3>\t\t\t\t<\/div>\n\t\t\t\t<\/div>\n\t\t\t\t<div class=\"elementor-element elementor-element-9dbc1b1 elementor-widget elementor-widget-text-editor\" data-id=\"9dbc1b1\" data-element_type=\"widget\" data-e-type=\"widget\" data-widget_type=\"text-editor.default\">\n\t\t\t\t<div class=\"elementor-widget-container\">\n\t\t\t\t\t\t\t\t\t<p>En junio de 2022, la Fundaci\u00f3n adquiri\u00f3 su primer edi\ufb01cio en P\u00e2quis para ofrecer un lugar privilegiado donde vivir y trabajar a las trabajadoras del sexo. El edi\ufb01cio de cinco plantas alberga 19 peque\u00f1os pisos individuales sin amoblar, as\u00ed como un alquiler comercial en la planta baja, actualmente ocupado por un bar-restaurante. <\/p>\n<p>Desde su adquisici\u00f3n, la Fundaci\u00f3n ha renovado dos apartamentos tras quedar vac\u00edos despu\u00e9s de la partida de los antiguos inquilinos, proporcionando alojamiento de calidad a dos nuevos inquilinos, y ha realizado un cambio en el equipo de gesti\u00f3n para promover una gesti\u00f3n eficaz y cercana a los inquilinos, lo que ha tenido una acogida muy favorable en el edi\ufb01cio.<\/p>\n<p>Este edi\ufb01cio alberga a 19 TdS, la mayor\u00eda de las cuales tambi\u00e9n trabajan in situ. Cada residente tiene un contrato de arrendamiento directo a su nombre, con un precio de alquiler acorde con los precios de mercado en Ginebra. <\/p>\n\t\t\t\t\t\t\t\t<\/div>\n\t\t\t\t<\/div>\n\t\t\t\t<\/div>\n\t\t\t\t\t<\/div>\n\t\t\t\t<\/div>\n\t\t<div class=\"elementor-element elementor-element-4caf1ff e-flex e-con-boxed e-con e-parent\" data-id=\"4caf1ff\" data-element_type=\"container\" data-e-type=\"container\" data-settings=\"{&quot;background_background&quot;:&quot;classic&quot;}\">\n\t\t\t\t\t<div class=\"e-con-inner\">\n\t\t<div class=\"elementor-element elementor-element-2e74e6c e-con-full e-flex e-con e-child\" data-id=\"2e74e6c\" data-element_type=\"container\" data-e-type=\"container\">\n\t\t\t\t<div class=\"elementor-element elementor-element-907e902 elementor-widget elementor-widget-image\" data-id=\"907e902\" data-element_type=\"widget\" data-e-type=\"widget\" data-widget_type=\"image.default\">\n\t\t\t\t<div class=\"elementor-widget-container\">\n\t\t\t\t\t\t\t\t\t\t\t\t\t\t\t<img decoding=\"async\" width=\"1000\" height=\"1286\" src=\"https:\/\/philenis.ch\/wp-content\/uploads\/2024\/10\/immeuble_bas.png\" class=\"attachment-full size-full wp-image-4068\" alt=\"\" srcset=\"https:\/\/philenis.ch\/wp-content\/uploads\/2024\/10\/immeuble_bas.png 1000w, https:\/\/philenis.ch\/wp-content\/uploads\/2024\/10\/immeuble_bas-233x300.png 233w, https:\/\/philenis.ch\/wp-content\/uploads\/2024\/10\/immeuble_bas-796x1024.png 796w, https:\/\/philenis.ch\/wp-content\/uploads\/2024\/10\/immeuble_bas-768x988.png 768w\" sizes=\"(max-width: 1000px) 100vw, 1000px\" \/>\t\t\t\t\t\t\t\t\t\t\t\t\t\t\t<\/div>\n\t\t\t\t<\/div>\n\t\t\t\t<\/div>\n\t\t<div class=\"elementor-element elementor-element-32e0bcb e-con-full e-flex e-con e-child\" data-id=\"32e0bcb\" data-element_type=\"container\" data-e-type=\"container\">\n\t\t\t\t<div class=\"elementor-element elementor-element-e7b5192 elementor-widget elementor-widget-heading\" data-id=\"e7b5192\" data-element_type=\"widget\" data-e-type=\"widget\" data-widget_type=\"heading.default\">\n\t\t\t\t<div class=\"elementor-widget-container\">\n\t\t\t\t\t<h3 class=\"elementor-heading-title elementor-size-default\">Estudios Rue de Berne<\/h3>\t\t\t\t<\/div>\n\t\t\t\t<\/div>\n\t\t\t\t<div class=\"elementor-element elementor-element-084a1db elementor-widget elementor-widget-text-editor\" data-id=\"084a1db\" data-element_type=\"widget\" data-e-type=\"widget\" data-widget_type=\"text-editor.default\">\n\t\t\t\t<div class=\"elementor-widget-container\">\n\t\t\t\t\t\t\t\t\t<p>Dos estudios situados en la rue de Berne ofrecen un entorno seguro a las\/los TdS fuera de sus actividades profesionales. Estos pisos son exclusivamente residenciales y en ellos no est\u00e1 permitido el trabajo sexual. <\/p>\n<p>Estos estudios responden a una necesidad crucial de proporcionar un espacio vital estable y asequible a las\/los TdS, a menudo excluidas\/os del mercado inmobiliario ginebrino debido a su actividad profesional.<\/p>\n\t\t\t\t\t\t\t\t<\/div>\n\t\t\t\t<\/div>\n\t\t\t\t<\/div>\n\t\t\t\t\t<\/div>\n\t\t\t\t<\/div>\n\t\t\t\t<\/div>\n\t\t","protected":false},"excerpt":{"rendered":"<p>Nuestros proyectos El Barillon En noviembre de 2023, la Fundaci\u00f3n adquiri\u00f3 un antiguo hotel situado en el coraz\u00f3n del barrio de P\u00e2quis. Tras su renovaci\u00f3n por la Fundaci\u00f3n, este establecimiento cuenta con 23 habitaciones amuebladas y equipadas con acceso a cocinas compartidas, una recepci\u00f3n, un cajero autom\u00e1tico y un servicio de seguridad. Dos categor\u00edas de [&hellip;]<\/p>\n","protected":false},"author":1,"featured_media":0,"parent":0,"menu_order":0,"comment_status":"closed","ping_status":"closed","template":"","meta":{"site-sidebar-layout":"no-sidebar","site-content-layout":"page-builder","ast-site-content-layout":"full-width-container","site-content-style":"unboxed","site-sidebar-style":"unboxed","ast-global-header-display":"","ast-banner-title-visibility":"","ast-main-header-display":"","ast-hfb-above-header-display":"","ast-hfb-below-header-display":"","ast-hfb-mobile-header-display":"","site-post-title":"disabled","ast-breadcrumbs-content":"","ast-featured-img":"disabled","footer-sml-layout":"","ast-disable-related-posts":"","theme-transparent-header-meta":"enabled","adv-header-id-meta":"","stick-header-meta":"","header-above-stick-meta":"","header-main-stick-meta":"","header-below-stick-meta":"","astra-migrate-meta-layouts":"default","ast-page-background-enabled":"default","ast-page-background-meta":{"desktop":{"background-color":"var(--ast-global-color-4)","background-image":"","background-repeat":"repeat","background-position":"center center","background-size":"auto","background-attachment":"scroll","background-type":"","background-media":"","overlay-type":"","overlay-color":"","overlay-opacity":"","overlay-gradient":""},"tablet":{"background-color":"","background-image":"","background-repeat":"repeat","background-position":"center center","background-size":"auto","background-attachment":"scroll","background-type":"","background-media":"","overlay-type":"","overlay-color":"","overlay-opacity":"","overlay-gradient":""},"mobile":{"background-color":"","background-image":"","background-repeat":"repeat","background-position":"center center","background-size":"auto","background-attachment":"scroll","background-type":"","background-media":"","overlay-type":"","overlay-color":"","overlay-opacity":"","overlay-gradient":""}},"ast-content-background-meta":{"desktop":{"background-color":"var(--ast-global-color-5)","background-image":"","background-repeat":"repeat","background-position":"center center","background-size":"auto","background-attachment":"scroll","background-type":"","background-media":"","overlay-type":"","overlay-color":"","overlay-opacity":"","overlay-gradient":""},"tablet":{"background-color":"var(--ast-global-color-5)","background-image":"","background-repeat":"repeat","background-position":"center center","background-size":"auto","background-attachment":"scroll","background-type":"","background-media":"","overlay-type":"","overlay-color":"","overlay-opacity":"","overlay-gradient":""},"mobile":{"background-color":"var(--ast-global-color-5)","background-image":"","background-repeat":"repeat","background-position":"center center","background-size":"auto","background-attachment":"scroll","background-type":"","background-media":"","overlay-type":"","overlay-color":"","overlay-opacity":"","overlay-gradient":""}},"footnotes":""},"class_list":["post-4081","page","type-page","status-publish","hentry"],"yoast_head":"<!-- This site is optimized with the Yoast SEO plugin v27.3 - https:\/\/yoast.com\/product\/yoast-seo-wordpress\/ -->\n<title>Proyectos de la Fundaci\u00f3n Phil\u00e9nis - Apoyo a las trabajadoras del sexo en Ginebra<\/title>\n<meta name=\"description\" content=\"Explora los proyectos que lleva a cabo la Fundaci\u00f3n Phil\u00e9nis para crear espacios seguros y accesibles para las trabajadoras del sexo en Ginebra.\" \/>\n<meta name=\"robots\" content=\"index, follow, max-snippet:-1, max-image-preview:large, max-video-preview:-1\" \/>\n<link rel=\"canonical\" href=\"https:\/\/philenis.ch\/es\/nuestros-proyectos\/\" \/>\n<meta property=\"og:locale\" content=\"es_ES\" \/>\n<meta property=\"og:type\" content=\"article\" \/>\n<meta property=\"og:title\" content=\"Proyectos de la Fundaci\u00f3n Phil\u00e9nis - Apoyo a las trabajadoras del sexo en Ginebra\" \/>\n<meta property=\"og:description\" content=\"Explora los proyectos que lleva a cabo la Fundaci\u00f3n Phil\u00e9nis para crear espacios seguros y accesibles para las trabajadoras del sexo en Ginebra.\" \/>\n<meta property=\"og:url\" content=\"https:\/\/philenis.ch\/es\/nuestros-proyectos\/\" \/>\n<meta property=\"og:site_name\" content=\"Phil\u00e9nis\" \/>\n<meta property=\"article:modified_time\" content=\"2025-08-22T12:10:45+00:00\" \/>\n<meta property=\"og:image\" content=\"https:\/\/philenis.ch\/wp-content\/uploads\/2024\/10\/immeuble_haut-1.png\" \/>\n\t<meta property=\"og:image:width\" content=\"1000\" \/>\n\t<meta property=\"og:image:height\" content=\"1286\" \/>\n\t<meta property=\"og:image:type\" content=\"image\/png\" \/>\n<meta name=\"twitter:card\" content=\"summary_large_image\" \/>\n<meta name=\"twitter:label1\" content=\"Tiempo de lectura\" \/>\n\t<meta name=\"twitter:data1\" content=\"3 minutos\" \/>\n<script type=\"application\/ld+json\" class=\"yoast-schema-graph\">{\"@context\":\"https:\\\/\\\/schema.org\",\"@graph\":[{\"@type\":\"WebPage\",\"@id\":\"https:\\\/\\\/philenis.ch\\\/es\\\/nuestros-proyectos\\\/\",\"url\":\"https:\\\/\\\/philenis.ch\\\/es\\\/nuestros-proyectos\\\/\",\"name\":\"Proyectos de la Fundaci\u00f3n Phil\u00e9nis - Apoyo a las trabajadoras del sexo en Ginebra\",\"isPartOf\":{\"@id\":\"https:\\\/\\\/philenis.ch\\\/es\\\/#website\"},\"primaryImageOfPage\":{\"@id\":\"https:\\\/\\\/philenis.ch\\\/es\\\/nuestros-proyectos\\\/#primaryimage\"},\"image\":{\"@id\":\"https:\\\/\\\/philenis.ch\\\/es\\\/nuestros-proyectos\\\/#primaryimage\"},\"thumbnailUrl\":\"https:\\\/\\\/philenis.ch\\\/wp-content\\\/uploads\\\/2024\\\/10\\\/immeuble_haut-1.png\",\"datePublished\":\"2024-08-26T13:54:44+00:00\",\"dateModified\":\"2025-08-22T12:10:45+00:00\",\"description\":\"Explora los proyectos que lleva a cabo la Fundaci\u00f3n Phil\u00e9nis para crear espacios seguros y accesibles para las trabajadoras del sexo en Ginebra.\",\"breadcrumb\":{\"@id\":\"https:\\\/\\\/philenis.ch\\\/es\\\/nuestros-proyectos\\\/#breadcrumb\"},\"inLanguage\":\"es\",\"potentialAction\":[{\"@type\":\"ReadAction\",\"target\":[\"https:\\\/\\\/philenis.ch\\\/es\\\/nuestros-proyectos\\\/\"]}]},{\"@type\":\"ImageObject\",\"inLanguage\":\"es\",\"@id\":\"https:\\\/\\\/philenis.ch\\\/es\\\/nuestros-proyectos\\\/#primaryimage\",\"url\":\"https:\\\/\\\/philenis.ch\\\/wp-content\\\/uploads\\\/2024\\\/10\\\/immeuble_haut-1.png\",\"contentUrl\":\"https:\\\/\\\/philenis.ch\\\/wp-content\\\/uploads\\\/2024\\\/10\\\/immeuble_haut-1.png\"},{\"@type\":\"BreadcrumbList\",\"@id\":\"https:\\\/\\\/philenis.ch\\\/es\\\/nuestros-proyectos\\\/#breadcrumb\",\"itemListElement\":[{\"@type\":\"ListItem\",\"position\":1,\"name\":\"Accueil\",\"item\":\"https:\\\/\\\/philenis.ch\\\/es\\\/\"},{\"@type\":\"ListItem\",\"position\":2,\"name\":\"Nuestros proyectos\"}]},{\"@type\":\"WebSite\",\"@id\":\"https:\\\/\\\/philenis.ch\\\/es\\\/#website\",\"url\":\"https:\\\/\\\/philenis.ch\\\/es\\\/\",\"name\":\"Fondation Phil\u00e9nis\",\"description\":\"Lieux de vie et de travail \u00e0 prix \u00e9quitable pour les travailleur\u00b7euse\u00b7x\u00b7s du sexe\",\"publisher\":{\"@id\":\"https:\\\/\\\/philenis.ch\\\/es\\\/#organization\"},\"potentialAction\":[{\"@type\":\"SearchAction\",\"target\":{\"@type\":\"EntryPoint\",\"urlTemplate\":\"https:\\\/\\\/philenis.ch\\\/es\\\/?s={search_term_string}\"},\"query-input\":{\"@type\":\"PropertyValueSpecification\",\"valueRequired\":true,\"valueName\":\"search_term_string\"}}],\"inLanguage\":\"es\"},{\"@type\":\"Organization\",\"@id\":\"https:\\\/\\\/philenis.ch\\\/es\\\/#organization\",\"name\":\"Fondation Phil\u00e9nis\",\"url\":\"https:\\\/\\\/philenis.ch\\\/es\\\/\",\"logo\":{\"@type\":\"ImageObject\",\"inLanguage\":\"es\",\"@id\":\"https:\\\/\\\/philenis.ch\\\/es\\\/#\\\/schema\\\/logo\\\/image\\\/\",\"url\":\"https:\\\/\\\/philenis.ch\\\/wp-content\\\/uploads\\\/2024\\\/10\\\/Philenis_Logo_Web_CouleursStandard.svg\",\"contentUrl\":\"https:\\\/\\\/philenis.ch\\\/wp-content\\\/uploads\\\/2024\\\/10\\\/Philenis_Logo_Web_CouleursStandard.svg\",\"caption\":\"Fondation Phil\u00e9nis\"},\"image\":{\"@id\":\"https:\\\/\\\/philenis.ch\\\/es\\\/#\\\/schema\\\/logo\\\/image\\\/\"}}]}<\/script>\n<!-- \/ Yoast SEO plugin. -->","yoast_head_json":{"title":"Proyectos de la Fundaci\u00f3n Phil\u00e9nis - Apoyo a las trabajadoras del sexo en Ginebra","description":"Explora los proyectos que lleva a cabo la Fundaci\u00f3n Phil\u00e9nis para crear espacios seguros y accesibles para las trabajadoras del sexo en Ginebra.","robots":{"index":"index","follow":"follow","max-snippet":"max-snippet:-1","max-image-preview":"max-image-preview:large","max-video-preview":"max-video-preview:-1"},"canonical":"https:\/\/philenis.ch\/es\/nuestros-proyectos\/","og_locale":"es_ES","og_type":"article","og_title":"Proyectos de la Fundaci\u00f3n Phil\u00e9nis - Apoyo a las trabajadoras del sexo en Ginebra","og_description":"Explora los proyectos que lleva a cabo la Fundaci\u00f3n Phil\u00e9nis para crear espacios seguros y accesibles para las trabajadoras del sexo en Ginebra.","og_url":"https:\/\/philenis.ch\/es\/nuestros-proyectos\/","og_site_name":"Phil\u00e9nis","article_modified_time":"2025-08-22T12:10:45+00:00","og_image":[{"width":1000,"height":1286,"url":"https:\/\/philenis.ch\/wp-content\/uploads\/2024\/10\/immeuble_haut-1.png","type":"image\/png"}],"twitter_card":"summary_large_image","twitter_misc":{"Tiempo de lectura":"3 minutos"},"schema":{"@context":"https:\/\/schema.org","@graph":[{"@type":"WebPage","@id":"https:\/\/philenis.ch\/es\/nuestros-proyectos\/","url":"https:\/\/philenis.ch\/es\/nuestros-proyectos\/","name":"Proyectos de la Fundaci\u00f3n Phil\u00e9nis - Apoyo a las trabajadoras del sexo en Ginebra","isPartOf":{"@id":"https:\/\/philenis.ch\/es\/#website"},"primaryImageOfPage":{"@id":"https:\/\/philenis.ch\/es\/nuestros-proyectos\/#primaryimage"},"image":{"@id":"https:\/\/philenis.ch\/es\/nuestros-proyectos\/#primaryimage"},"thumbnailUrl":"https:\/\/philenis.ch\/wp-content\/uploads\/2024\/10\/immeuble_haut-1.png","datePublished":"2024-08-26T13:54:44+00:00","dateModified":"2025-08-22T12:10:45+00:00","description":"Explora los proyectos que lleva a cabo la Fundaci\u00f3n Phil\u00e9nis para crear espacios seguros y accesibles para las trabajadoras del sexo en Ginebra.","breadcrumb":{"@id":"https:\/\/philenis.ch\/es\/nuestros-proyectos\/#breadcrumb"},"inLanguage":"es","potentialAction":[{"@type":"ReadAction","target":["https:\/\/philenis.ch\/es\/nuestros-proyectos\/"]}]},{"@type":"ImageObject","inLanguage":"es","@id":"https:\/\/philenis.ch\/es\/nuestros-proyectos\/#primaryimage","url":"https:\/\/philenis.ch\/wp-content\/uploads\/2024\/10\/immeuble_haut-1.png","contentUrl":"https:\/\/philenis.ch\/wp-content\/uploads\/2024\/10\/immeuble_haut-1.png"},{"@type":"BreadcrumbList","@id":"https:\/\/philenis.ch\/es\/nuestros-proyectos\/#breadcrumb","itemListElement":[{"@type":"ListItem","position":1,"name":"Accueil","item":"https:\/\/philenis.ch\/es\/"},{"@type":"ListItem","position":2,"name":"Nuestros proyectos"}]},{"@type":"WebSite","@id":"https:\/\/philenis.ch\/es\/#website","url":"https:\/\/philenis.ch\/es\/","name":"Fondation Phil\u00e9nis","description":"Lieux de vie et de travail \u00e0 prix \u00e9quitable pour les travailleur\u00b7euse\u00b7x\u00b7s du sexe","publisher":{"@id":"https:\/\/philenis.ch\/es\/#organization"},"potentialAction":[{"@type":"SearchAction","target":{"@type":"EntryPoint","urlTemplate":"https:\/\/philenis.ch\/es\/?s={search_term_string}"},"query-input":{"@type":"PropertyValueSpecification","valueRequired":true,"valueName":"search_term_string"}}],"inLanguage":"es"},{"@type":"Organization","@id":"https:\/\/philenis.ch\/es\/#organization","name":"Fondation Phil\u00e9nis","url":"https:\/\/philenis.ch\/es\/","logo":{"@type":"ImageObject","inLanguage":"es","@id":"https:\/\/philenis.ch\/es\/#\/schema\/logo\/image\/","url":"https:\/\/philenis.ch\/wp-content\/uploads\/2024\/10\/Philenis_Logo_Web_CouleursStandard.svg","contentUrl":"https:\/\/philenis.ch\/wp-content\/uploads\/2024\/10\/Philenis_Logo_Web_CouleursStandard.svg","caption":"Fondation Phil\u00e9nis"},"image":{"@id":"https:\/\/philenis.ch\/es\/#\/schema\/logo\/image\/"}}]}},"_links":{"self":[{"href":"https:\/\/philenis.ch\/es\/wp-json\/wp\/v2\/pages\/4081","targetHints":{"allow":["GET"]}}],"collection":[{"href":"https:\/\/philenis.ch\/es\/wp-json\/wp\/v2\/pages"}],"about":[{"href":"https:\/\/philenis.ch\/es\/wp-json\/wp\/v2\/types\/page"}],"author":[{"embeddable":true,"href":"https:\/\/philenis.ch\/es\/wp-json\/wp\/v2\/users\/1"}],"replies":[{"embeddable":true,"href":"https:\/\/philenis.ch\/es\/wp-json\/wp\/v2\/comments?post=4081"}],"version-history":[{"count":9,"href":"https:\/\/philenis.ch\/es\/wp-json\/wp\/v2\/pages\/4081\/revisions"}],"predecessor-version":[{"id":4787,"href":"https:\/\/philenis.ch\/es\/wp-json\/wp\/v2\/pages\/4081\/revisions\/4787"}],"wp:attachment":[{"href":"https:\/\/philenis.ch\/es\/wp-json\/wp\/v2\/media?parent=4081"}],"curies":[{"name":"wp","href":"https:\/\/api.w.org\/{rel}","templated":true}]}}