{"id":4077,"date":"2024-08-26T15:54:44","date_gmt":"2024-08-26T13:54:44","guid":{"rendered":"https:\/\/philenis.ch\/sobre-nosotros\/"},"modified":"2024-10-14T15:40:14","modified_gmt":"2024-10-14T13:40:14","slug":"sobre-nosotros","status":"publish","type":"page","link":"https:\/\/philenis.ch\/es\/sobre-nosotros\/","title":{"rendered":"Sobre nosotros"},"content":{"rendered":"\t\t<div data-elementor-type=\"wp-page\" data-elementor-id=\"4077\" class=\"elementor elementor-4077 elementor-14\" data-elementor-post-type=\"page\">\n\t\t\t\t<div class=\"elementor-element elementor-element-dcfb448 e-flex e-con-boxed e-con e-parent\" data-id=\"dcfb448\" data-element_type=\"container\" data-e-type=\"container\" data-settings=\"{&quot;background_background&quot;:&quot;classic&quot;}\">\n\t\t\t\t\t<div class=\"e-con-inner\">\n\t\t<div class=\"elementor-element elementor-element-d21b7e0 e-flex e-con-boxed e-con e-child\" data-id=\"d21b7e0\" data-element_type=\"container\" data-e-type=\"container\">\n\t\t\t\t\t<div class=\"e-con-inner\">\n\t\t\t\t<div class=\"elementor-element elementor-element-e9fd9dc elementor-widget elementor-widget-heading\" data-id=\"e9fd9dc\" data-element_type=\"widget\" data-e-type=\"widget\" data-widget_type=\"heading.default\">\n\t\t\t\t<div class=\"elementor-widget-container\">\n\t\t\t\t\t<h1 class=\"elementor-heading-title elementor-size-default\">\u00bfQuienes somos?<\/h1>\t\t\t\t<\/div>\n\t\t\t\t<\/div>\n\t\t\t\t\t<\/div>\n\t\t\t\t<\/div>\n\t\t\t\t\t<\/div>\n\t\t\t\t<\/div>\n\t\t<div class=\"elementor-element elementor-element-500861b e-flex e-con-boxed e-con e-parent\" data-id=\"500861b\" data-element_type=\"container\" data-e-type=\"container\">\n\t\t\t\t\t<div class=\"e-con-inner\">\n\t\t<div class=\"elementor-element elementor-element-7dbc6fb e-con-full e-flex e-con e-child\" data-id=\"7dbc6fb\" data-element_type=\"container\" data-e-type=\"container\">\n\t\t<div class=\"elementor-element elementor-element-5ef12ab e-grid e-con-full e-con e-child\" data-id=\"5ef12ab\" data-element_type=\"container\" data-e-type=\"container\">\n\t\t\t\t<div class=\"elementor-element elementor-element-5611001 elementor-widget elementor-widget-image\" data-id=\"5611001\" data-element_type=\"widget\" data-e-type=\"widget\" data-widget_type=\"image.default\">\n\t\t\t\t<div class=\"elementor-widget-container\">\n\t\t\t\t\t\t\t\t\t\t\t\t\t\t\t<img fetchpriority=\"high\" decoding=\"async\" width=\"526\" height=\"727\" src=\"https:\/\/philenis.ch\/wp-content\/uploads\/2024\/08\/body3-quisommesnous.jpg\" class=\"attachment-large size-large wp-image-3860\" alt=\"\" srcset=\"https:\/\/philenis.ch\/wp-content\/uploads\/2024\/08\/body3-quisommesnous.jpg 526w, https:\/\/philenis.ch\/wp-content\/uploads\/2024\/08\/body3-quisommesnous-217x300.jpg 217w\" sizes=\"(max-width: 526px) 100vw, 526px\" \/>\t\t\t\t\t\t\t\t\t\t\t\t\t\t\t<\/div>\n\t\t\t\t<\/div>\n\t\t\t\t<div class=\"elementor-element elementor-element-da53124 elementor-widget elementor-widget-image\" data-id=\"da53124\" data-element_type=\"widget\" data-e-type=\"widget\" data-widget_type=\"image.default\">\n\t\t\t\t<div class=\"elementor-widget-container\">\n\t\t\t\t\t\t\t\t\t\t\t\t\t\t\t<img decoding=\"async\" width=\"1000\" height=\"560\" src=\"https:\/\/philenis.ch\/wp-content\/uploads\/2024\/10\/about1-1.jpg\" class=\"attachment-large size-large wp-image-4056\" alt=\"\" srcset=\"https:\/\/philenis.ch\/wp-content\/uploads\/2024\/10\/about1-1.jpg 1000w, https:\/\/philenis.ch\/wp-content\/uploads\/2024\/10\/about1-1-300x168.jpg 300w, https:\/\/philenis.ch\/wp-content\/uploads\/2024\/10\/about1-1-768x430.jpg 768w\" sizes=\"(max-width: 1000px) 100vw, 1000px\" \/>\t\t\t\t\t\t\t\t\t\t\t\t\t\t\t<\/div>\n\t\t\t\t<\/div>\n\t\t\t\t<div class=\"elementor-element elementor-element-e0dd43a elementor-widget elementor-widget-image\" data-id=\"e0dd43a\" data-element_type=\"widget\" data-e-type=\"widget\" data-widget_type=\"image.default\">\n\t\t\t\t<div class=\"elementor-widget-container\">\n\t\t\t\t\t\t\t\t\t\t\t\t\t\t\t<img decoding=\"async\" width=\"1000\" height=\"667\" src=\"https:\/\/philenis.ch\/wp-content\/uploads\/2024\/09\/AdobeStock_163263646.jpg\" class=\"attachment-large size-large wp-image-3928\" alt=\"\" srcset=\"https:\/\/philenis.ch\/wp-content\/uploads\/2024\/09\/AdobeStock_163263646.jpg 1000w, https:\/\/philenis.ch\/wp-content\/uploads\/2024\/09\/AdobeStock_163263646-300x200.jpg 300w, https:\/\/philenis.ch\/wp-content\/uploads\/2024\/09\/AdobeStock_163263646-768x512.jpg 768w\" sizes=\"(max-width: 1000px) 100vw, 1000px\" \/>\t\t\t\t\t\t\t\t\t\t\t\t\t\t\t<\/div>\n\t\t\t\t<\/div>\n\t\t\t\t<div class=\"elementor-element elementor-element-c48297e elementor-widget elementor-widget-image\" data-id=\"c48297e\" data-element_type=\"widget\" data-e-type=\"widget\" data-widget_type=\"image.default\">\n\t\t\t\t<div class=\"elementor-widget-container\">\n\t\t\t\t\t\t\t\t\t\t\t\t\t\t\t<img loading=\"lazy\" decoding=\"async\" width=\"515\" height=\"922\" src=\"https:\/\/philenis.ch\/wp-content\/uploads\/2024\/10\/about1.jpg\" class=\"attachment-large size-large wp-image-4048\" alt=\"\" srcset=\"https:\/\/philenis.ch\/wp-content\/uploads\/2024\/10\/about1.jpg 515w, https:\/\/philenis.ch\/wp-content\/uploads\/2024\/10\/about1-168x300.jpg 168w\" sizes=\"(max-width: 515px) 100vw, 515px\" \/>\t\t\t\t\t\t\t\t\t\t\t\t\t\t\t<\/div>\n\t\t\t\t<\/div>\n\t\t\t\t<\/div>\n\t\t<div class=\"elementor-element elementor-element-51b695b e-flex e-con-boxed e-con e-child\" data-id=\"51b695b\" data-element_type=\"container\" data-e-type=\"container\" data-settings=\"{&quot;background_background&quot;:&quot;classic&quot;}\">\n\t\t\t\t\t<div class=\"e-con-inner\">\n\t\t\t\t<div class=\"elementor-element elementor-element-7109043 elementor-drop-cap-yes elementor-drop-cap-view-default elementor-widget elementor-widget-text-editor\" data-id=\"7109043\" data-element_type=\"widget\" data-e-type=\"widget\" data-settings=\"{&quot;drop_cap&quot;:&quot;yes&quot;}\" data-widget_type=\"text-editor.default\">\n\t\t\t\t<div class=\"elementor-widget-container\">\n\t\t\t\t\t\t\t\t\t<p>La Fondation Phil\u00e9nis fue creada el 6 de mayo de 2022 por la asociaci\u00f3n<a href=\"https:\/\/www.aspasie.ch\/\">Aspasie<\/a> para luchar contra los abusos que sufren las\/los TdS en Ginebra.<\/p>\n<p>A pesar de la existencia de la ley sobre la prostituci\u00f3n (L-PROST), cuyo objetivo es proteger a las\/los TdS, las condiciones en las que trabajan siguen siendo problem\u00e1ticas: la fuerte relaci\u00f3n de dependencia entre las\/los TdS y los responsables de los establecimientos er\u00f3ticos, los arrendadores de pisos que exigen alquileres desorbitantes, las condiciones de trabajo a menudo abusivas, el desgaste, la insalubridad de muchos lugares de trabajo y otros factores mantienen a las\/los TdS en una situaci\u00f3n precaria.<\/p>\n<p>En respuesta a estos retos, la Fundaci\u00f3n Phil\u00e9nis apoya, contribuye y desarrolla proyectos y actividades que promueven la autonom\u00eda y los derechos de los TdS.<\/p>\n<p>En concreto, la Fundaci\u00f3n alquila y gestiona espacios de vida y de trabajo a precios justos, para permitir a las TdS vivir y trabajar en mejores condiciones, tanto de alojamiento como de trabajo, reduciendo considerablemente las presiones y limitaciones \ufb01nancieras que las mantienen en una situaci\u00f3n precaria.<\/p>\n<p>La Fondation Phil\u00e9nis es una fundaci\u00f3n sin \u00e1nimo de lucro ni car\u00e1cter pol\u00edtico, confesional o gubernamental. Todos los bene\ufb01cios, rendimientos y rentas netas se destinan \u00edntegramente a la consecuci\u00f3n de los objetivos de la Fundaci\u00f3n. <\/p>\n\t\t\t\t\t\t\t\t<\/div>\n\t\t\t\t<\/div>\n\t\t\t\t\t<\/div>\n\t\t\t\t<\/div>\n\t\t\t\t<\/div>\n\t\t\t\t\t<\/div>\n\t\t\t\t<\/div>\n\t\t\t\t<\/div>\n\t\t","protected":false},"excerpt":{"rendered":"<p>\u00bfQuienes somos? La Fondation Phil\u00e9nis fue creada el 6 de mayo de 2022 por la asociaci\u00f3nAspasie para luchar contra los abusos que sufren las\/los TdS en Ginebra. A pesar de la existencia de la ley sobre la prostituci\u00f3n (L-PROST), cuyo objetivo es proteger a las\/los TdS, las condiciones en las que trabajan siguen siendo problem\u00e1ticas: [&hellip;]<\/p>\n","protected":false},"author":1,"featured_media":0,"parent":0,"menu_order":0,"comment_status":"closed","ping_status":"closed","template":"","meta":{"site-sidebar-layout":"no-sidebar","site-content-layout":"page-builder","ast-site-content-layout":"full-width-container","site-content-style":"unboxed","site-sidebar-style":"unboxed","ast-global-header-display":"","ast-banner-title-visibility":"","ast-main-header-display":"","ast-hfb-above-header-display":"","ast-hfb-below-header-display":"","ast-hfb-mobile-header-display":"","site-post-title":"disabled","ast-breadcrumbs-content":"","ast-featured-img":"disabled","footer-sml-layout":"","ast-disable-related-posts":"","theme-transparent-header-meta":"enabled","adv-header-id-meta":"","stick-header-meta":"","header-above-stick-meta":"","header-main-stick-meta":"","header-below-stick-meta":"","astra-migrate-meta-layouts":"default","ast-page-background-enabled":"default","ast-page-background-meta":{"desktop":{"background-color":"var(--ast-global-color-4)","background-image":"","background-repeat":"repeat","background-position":"center center","background-size":"auto","background-attachment":"scroll","background-type":"","background-media":"","overlay-type":"","overlay-color":"","overlay-opacity":"","overlay-gradient":""},"tablet":{"background-color":"","background-image":"","background-repeat":"repeat","background-position":"center center","background-size":"auto","background-attachment":"scroll","background-type":"","background-media":"","overlay-type":"","overlay-color":"","overlay-opacity":"","overlay-gradient":""},"mobile":{"background-color":"","background-image":"","background-repeat":"repeat","background-position":"center center","background-size":"auto","background-attachment":"scroll","background-type":"","background-media":"","overlay-type":"","overlay-color":"","overlay-opacity":"","overlay-gradient":""}},"ast-content-background-meta":{"desktop":{"background-color":"var(--ast-global-color-5)","background-image":"","background-repeat":"repeat","background-position":"center center","background-size":"auto","background-attachment":"scroll","background-type":"","background-media":"","overlay-type":"","overlay-color":"","overlay-opacity":"","overlay-gradient":""},"tablet":{"background-color":"var(--ast-global-color-5)","background-image":"","background-repeat":"repeat","background-position":"center center","background-size":"auto","background-attachment":"scroll","background-type":"","background-media":"","overlay-type":"","overlay-color":"","overlay-opacity":"","overlay-gradient":""},"mobile":{"background-color":"var(--ast-global-color-5)","background-image":"","background-repeat":"repeat","background-position":"center center","background-size":"auto","background-attachment":"scroll","background-type":"","background-media":"","overlay-type":"","overlay-color":"","overlay-opacity":"","overlay-gradient":""}},"footnotes":""},"class_list":["post-4077","page","type-page","status-publish","hentry"],"yoast_head":"<!-- This site is optimized with the Yoast SEO plugin v27.4 - https:\/\/yoast.com\/product\/yoast-seo-wordpress\/ -->\n<title>Phil\u00e9nis - Nuestra misi\u00f3n y nuestros valores<\/title>\n<meta name=\"description\" content=\"Inf\u00f3rmate sobre la misi\u00f3n de la Fundaci\u00f3n Phil\u00e9nis, cuyo objetivo es proporcionar lugares seguros y asequibles para vivir y trabajar a los profesionales del sexo de Ginebra.\" \/>\n<meta name=\"robots\" content=\"index, follow, max-snippet:-1, max-image-preview:large, max-video-preview:-1\" \/>\n<link rel=\"canonical\" href=\"https:\/\/philenis.ch\/es\/sobre-nosotros\/\" \/>\n<meta property=\"og:locale\" content=\"es_ES\" \/>\n<meta property=\"og:type\" content=\"article\" \/>\n<meta property=\"og:title\" content=\"Phil\u00e9nis - Nuestra misi\u00f3n y nuestros valores\" \/>\n<meta property=\"og:description\" content=\"Inf\u00f3rmate sobre la misi\u00f3n de la Fundaci\u00f3n Phil\u00e9nis, cuyo objetivo es proporcionar lugares seguros y asequibles para vivir y trabajar a los profesionales del sexo de Ginebra.\" \/>\n<meta property=\"og:url\" content=\"https:\/\/philenis.ch\/es\/sobre-nosotros\/\" \/>\n<meta property=\"og:site_name\" content=\"Phil\u00e9nis\" \/>\n<meta property=\"article:modified_time\" content=\"2024-10-14T13:40:14+00:00\" \/>\n<meta property=\"og:image\" content=\"https:\/\/philenis.ch\/wp-content\/uploads\/2024\/08\/body3-quisommesnous.jpg\" \/>\n\t<meta property=\"og:image:width\" content=\"526\" \/>\n\t<meta property=\"og:image:height\" content=\"727\" \/>\n\t<meta property=\"og:image:type\" content=\"image\/jpeg\" \/>\n<meta name=\"twitter:card\" content=\"summary_large_image\" \/>\n<meta name=\"twitter:label1\" content=\"Tiempo de lectura\" \/>\n\t<meta name=\"twitter:data1\" content=\"1 minuto\" \/>\n<script type=\"application\/ld+json\" class=\"yoast-schema-graph\">{\"@context\":\"https:\\\/\\\/schema.org\",\"@graph\":[{\"@type\":\"WebPage\",\"@id\":\"https:\\\/\\\/philenis.ch\\\/es\\\/sobre-nosotros\\\/\",\"url\":\"https:\\\/\\\/philenis.ch\\\/es\\\/sobre-nosotros\\\/\",\"name\":\"Phil\u00e9nis - Nuestra misi\u00f3n y nuestros valores\",\"isPartOf\":{\"@id\":\"https:\\\/\\\/philenis.ch\\\/es\\\/#website\"},\"primaryImageOfPage\":{\"@id\":\"https:\\\/\\\/philenis.ch\\\/es\\\/sobre-nosotros\\\/#primaryimage\"},\"image\":{\"@id\":\"https:\\\/\\\/philenis.ch\\\/es\\\/sobre-nosotros\\\/#primaryimage\"},\"thumbnailUrl\":\"https:\\\/\\\/philenis.ch\\\/wp-content\\\/uploads\\\/2024\\\/08\\\/body3-quisommesnous.jpg\",\"datePublished\":\"2024-08-26T13:54:44+00:00\",\"dateModified\":\"2024-10-14T13:40:14+00:00\",\"description\":\"Inf\u00f3rmate sobre la misi\u00f3n de la Fundaci\u00f3n Phil\u00e9nis, cuyo objetivo es proporcionar lugares seguros y asequibles para vivir y trabajar a los profesionales del sexo de Ginebra.\",\"breadcrumb\":{\"@id\":\"https:\\\/\\\/philenis.ch\\\/es\\\/sobre-nosotros\\\/#breadcrumb\"},\"inLanguage\":\"es\",\"potentialAction\":[{\"@type\":\"ReadAction\",\"target\":[\"https:\\\/\\\/philenis.ch\\\/es\\\/sobre-nosotros\\\/\"]}]},{\"@type\":\"ImageObject\",\"inLanguage\":\"es\",\"@id\":\"https:\\\/\\\/philenis.ch\\\/es\\\/sobre-nosotros\\\/#primaryimage\",\"url\":\"https:\\\/\\\/philenis.ch\\\/wp-content\\\/uploads\\\/2024\\\/08\\\/body3-quisommesnous.jpg\",\"contentUrl\":\"https:\\\/\\\/philenis.ch\\\/wp-content\\\/uploads\\\/2024\\\/08\\\/body3-quisommesnous.jpg\"},{\"@type\":\"BreadcrumbList\",\"@id\":\"https:\\\/\\\/philenis.ch\\\/es\\\/sobre-nosotros\\\/#breadcrumb\",\"itemListElement\":[{\"@type\":\"ListItem\",\"position\":1,\"name\":\"Accueil\",\"item\":\"https:\\\/\\\/philenis.ch\\\/es\\\/\"},{\"@type\":\"ListItem\",\"position\":2,\"name\":\"Sobre nosotros\"}]},{\"@type\":\"WebSite\",\"@id\":\"https:\\\/\\\/philenis.ch\\\/es\\\/#website\",\"url\":\"https:\\\/\\\/philenis.ch\\\/es\\\/\",\"name\":\"Fondation Phil\u00e9nis\",\"description\":\"Lieux de vie et de travail \u00e0 prix \u00e9quitable pour les travailleur\u00b7euse\u00b7x\u00b7s du sexe\",\"publisher\":{\"@id\":\"https:\\\/\\\/philenis.ch\\\/es\\\/#organization\"},\"potentialAction\":[{\"@type\":\"SearchAction\",\"target\":{\"@type\":\"EntryPoint\",\"urlTemplate\":\"https:\\\/\\\/philenis.ch\\\/es\\\/?s={search_term_string}\"},\"query-input\":{\"@type\":\"PropertyValueSpecification\",\"valueRequired\":true,\"valueName\":\"search_term_string\"}}],\"inLanguage\":\"es\"},{\"@type\":\"Organization\",\"@id\":\"https:\\\/\\\/philenis.ch\\\/es\\\/#organization\",\"name\":\"Fondation Phil\u00e9nis\",\"url\":\"https:\\\/\\\/philenis.ch\\\/es\\\/\",\"logo\":{\"@type\":\"ImageObject\",\"inLanguage\":\"es\",\"@id\":\"https:\\\/\\\/philenis.ch\\\/es\\\/#\\\/schema\\\/logo\\\/image\\\/\",\"url\":\"https:\\\/\\\/philenis.ch\\\/wp-content\\\/uploads\\\/2024\\\/10\\\/Philenis_Logo_Web_CouleursStandard.svg\",\"contentUrl\":\"https:\\\/\\\/philenis.ch\\\/wp-content\\\/uploads\\\/2024\\\/10\\\/Philenis_Logo_Web_CouleursStandard.svg\",\"caption\":\"Fondation Phil\u00e9nis\"},\"image\":{\"@id\":\"https:\\\/\\\/philenis.ch\\\/es\\\/#\\\/schema\\\/logo\\\/image\\\/\"}}]}<\/script>\n<!-- \/ Yoast SEO plugin. -->","yoast_head_json":{"title":"Phil\u00e9nis - Nuestra misi\u00f3n y nuestros valores","description":"Inf\u00f3rmate sobre la misi\u00f3n de la Fundaci\u00f3n Phil\u00e9nis, cuyo objetivo es proporcionar lugares seguros y asequibles para vivir y trabajar a los profesionales del sexo de Ginebra.","robots":{"index":"index","follow":"follow","max-snippet":"max-snippet:-1","max-image-preview":"max-image-preview:large","max-video-preview":"max-video-preview:-1"},"canonical":"https:\/\/philenis.ch\/es\/sobre-nosotros\/","og_locale":"es_ES","og_type":"article","og_title":"Phil\u00e9nis - Nuestra misi\u00f3n y nuestros valores","og_description":"Inf\u00f3rmate sobre la misi\u00f3n de la Fundaci\u00f3n Phil\u00e9nis, cuyo objetivo es proporcionar lugares seguros y asequibles para vivir y trabajar a los profesionales del sexo de Ginebra.","og_url":"https:\/\/philenis.ch\/es\/sobre-nosotros\/","og_site_name":"Phil\u00e9nis","article_modified_time":"2024-10-14T13:40:14+00:00","og_image":[{"width":526,"height":727,"url":"https:\/\/philenis.ch\/wp-content\/uploads\/2024\/08\/body3-quisommesnous.jpg","type":"image\/jpeg"}],"twitter_card":"summary_large_image","twitter_misc":{"Tiempo de lectura":"1 minuto"},"schema":{"@context":"https:\/\/schema.org","@graph":[{"@type":"WebPage","@id":"https:\/\/philenis.ch\/es\/sobre-nosotros\/","url":"https:\/\/philenis.ch\/es\/sobre-nosotros\/","name":"Phil\u00e9nis - Nuestra misi\u00f3n y nuestros valores","isPartOf":{"@id":"https:\/\/philenis.ch\/es\/#website"},"primaryImageOfPage":{"@id":"https:\/\/philenis.ch\/es\/sobre-nosotros\/#primaryimage"},"image":{"@id":"https:\/\/philenis.ch\/es\/sobre-nosotros\/#primaryimage"},"thumbnailUrl":"https:\/\/philenis.ch\/wp-content\/uploads\/2024\/08\/body3-quisommesnous.jpg","datePublished":"2024-08-26T13:54:44+00:00","dateModified":"2024-10-14T13:40:14+00:00","description":"Inf\u00f3rmate sobre la misi\u00f3n de la Fundaci\u00f3n Phil\u00e9nis, cuyo objetivo es proporcionar lugares seguros y asequibles para vivir y trabajar a los profesionales del sexo de Ginebra.","breadcrumb":{"@id":"https:\/\/philenis.ch\/es\/sobre-nosotros\/#breadcrumb"},"inLanguage":"es","potentialAction":[{"@type":"ReadAction","target":["https:\/\/philenis.ch\/es\/sobre-nosotros\/"]}]},{"@type":"ImageObject","inLanguage":"es","@id":"https:\/\/philenis.ch\/es\/sobre-nosotros\/#primaryimage","url":"https:\/\/philenis.ch\/wp-content\/uploads\/2024\/08\/body3-quisommesnous.jpg","contentUrl":"https:\/\/philenis.ch\/wp-content\/uploads\/2024\/08\/body3-quisommesnous.jpg"},{"@type":"BreadcrumbList","@id":"https:\/\/philenis.ch\/es\/sobre-nosotros\/#breadcrumb","itemListElement":[{"@type":"ListItem","position":1,"name":"Accueil","item":"https:\/\/philenis.ch\/es\/"},{"@type":"ListItem","position":2,"name":"Sobre nosotros"}]},{"@type":"WebSite","@id":"https:\/\/philenis.ch\/es\/#website","url":"https:\/\/philenis.ch\/es\/","name":"Fondation Phil\u00e9nis","description":"Lieux de vie et de travail \u00e0 prix \u00e9quitable pour les travailleur\u00b7euse\u00b7x\u00b7s du sexe","publisher":{"@id":"https:\/\/philenis.ch\/es\/#organization"},"potentialAction":[{"@type":"SearchAction","target":{"@type":"EntryPoint","urlTemplate":"https:\/\/philenis.ch\/es\/?s={search_term_string}"},"query-input":{"@type":"PropertyValueSpecification","valueRequired":true,"valueName":"search_term_string"}}],"inLanguage":"es"},{"@type":"Organization","@id":"https:\/\/philenis.ch\/es\/#organization","name":"Fondation Phil\u00e9nis","url":"https:\/\/philenis.ch\/es\/","logo":{"@type":"ImageObject","inLanguage":"es","@id":"https:\/\/philenis.ch\/es\/#\/schema\/logo\/image\/","url":"https:\/\/philenis.ch\/wp-content\/uploads\/2024\/10\/Philenis_Logo_Web_CouleursStandard.svg","contentUrl":"https:\/\/philenis.ch\/wp-content\/uploads\/2024\/10\/Philenis_Logo_Web_CouleursStandard.svg","caption":"Fondation Phil\u00e9nis"},"image":{"@id":"https:\/\/philenis.ch\/es\/#\/schema\/logo\/image\/"}}]}},"_links":{"self":[{"href":"https:\/\/philenis.ch\/es\/wp-json\/wp\/v2\/pages\/4077","targetHints":{"allow":["GET"]}}],"collection":[{"href":"https:\/\/philenis.ch\/es\/wp-json\/wp\/v2\/pages"}],"about":[{"href":"https:\/\/philenis.ch\/es\/wp-json\/wp\/v2\/types\/page"}],"author":[{"embeddable":true,"href":"https:\/\/philenis.ch\/es\/wp-json\/wp\/v2\/users\/1"}],"replies":[{"embeddable":true,"href":"https:\/\/philenis.ch\/es\/wp-json\/wp\/v2\/comments?post=4077"}],"version-history":[{"count":7,"href":"https:\/\/philenis.ch\/es\/wp-json\/wp\/v2\/pages\/4077\/revisions"}],"predecessor-version":[{"id":4414,"href":"https:\/\/philenis.ch\/es\/wp-json\/wp\/v2\/pages\/4077\/revisions\/4414"}],"wp:attachment":[{"href":"https:\/\/philenis.ch\/es\/wp-json\/wp\/v2\/media?parent=4077"}],"curies":[{"name":"wp","href":"https:\/\/api.w.org\/{rel}","templated":true}]}}