{"id":4075,"date":"2024-08-26T15:54:44","date_gmt":"2024-08-26T13:54:44","guid":{"rendered":"https:\/\/philenis.ch\/about\/"},"modified":"2024-10-14T15:39:31","modified_gmt":"2024-10-14T13:39:31","slug":"about","status":"publish","type":"page","link":"https:\/\/philenis.ch\/en\/about\/","title":{"rendered":"About"},"content":{"rendered":"\t\t<div data-elementor-type=\"wp-page\" data-elementor-id=\"4075\" class=\"elementor elementor-4075 elementor-14\" data-elementor-post-type=\"page\">\n\t\t\t\t<div class=\"elementor-element elementor-element-dcfb448 e-flex e-con-boxed e-con e-parent\" data-id=\"dcfb448\" data-element_type=\"container\" data-e-type=\"container\" data-settings=\"{&quot;background_background&quot;:&quot;classic&quot;}\">\n\t\t\t\t\t<div class=\"e-con-inner\">\n\t\t<div class=\"elementor-element elementor-element-d21b7e0 e-flex e-con-boxed e-con e-child\" data-id=\"d21b7e0\" data-element_type=\"container\" data-e-type=\"container\">\n\t\t\t\t\t<div class=\"e-con-inner\">\n\t\t\t\t<div class=\"elementor-element elementor-element-e9fd9dc elementor-widget elementor-widget-heading\" data-id=\"e9fd9dc\" data-element_type=\"widget\" data-e-type=\"widget\" data-widget_type=\"heading.default\">\n\t\t\t\t<div class=\"elementor-widget-container\">\n\t\t\t\t\t<h1 class=\"elementor-heading-title elementor-size-default\">Who are we?<\/h1>\t\t\t\t<\/div>\n\t\t\t\t<\/div>\n\t\t\t\t\t<\/div>\n\t\t\t\t<\/div>\n\t\t\t\t\t<\/div>\n\t\t\t\t<\/div>\n\t\t<div class=\"elementor-element elementor-element-500861b e-flex e-con-boxed e-con e-parent\" data-id=\"500861b\" data-element_type=\"container\" data-e-type=\"container\">\n\t\t\t\t\t<div class=\"e-con-inner\">\n\t\t<div class=\"elementor-element elementor-element-7dbc6fb e-con-full e-flex e-con e-child\" data-id=\"7dbc6fb\" data-element_type=\"container\" data-e-type=\"container\">\n\t\t<div class=\"elementor-element elementor-element-5ef12ab e-grid e-con-full e-con e-child\" data-id=\"5ef12ab\" data-element_type=\"container\" data-e-type=\"container\">\n\t\t\t\t<div class=\"elementor-element elementor-element-5611001 elementor-widget elementor-widget-image\" data-id=\"5611001\" data-element_type=\"widget\" data-e-type=\"widget\" data-widget_type=\"image.default\">\n\t\t\t\t<div class=\"elementor-widget-container\">\n\t\t\t\t\t\t\t\t\t\t\t\t\t\t\t<img fetchpriority=\"high\" decoding=\"async\" width=\"526\" height=\"727\" src=\"https:\/\/philenis.ch\/wp-content\/uploads\/2024\/08\/body3-quisommesnous.jpg\" class=\"attachment-large size-large wp-image-3859\" alt=\"\" srcset=\"https:\/\/philenis.ch\/wp-content\/uploads\/2024\/08\/body3-quisommesnous.jpg 526w, https:\/\/philenis.ch\/wp-content\/uploads\/2024\/08\/body3-quisommesnous-217x300.jpg 217w\" sizes=\"(max-width: 526px) 100vw, 526px\" \/>\t\t\t\t\t\t\t\t\t\t\t\t\t\t\t<\/div>\n\t\t\t\t<\/div>\n\t\t\t\t<div class=\"elementor-element elementor-element-da53124 elementor-widget elementor-widget-image\" data-id=\"da53124\" data-element_type=\"widget\" data-e-type=\"widget\" data-widget_type=\"image.default\">\n\t\t\t\t<div class=\"elementor-widget-container\">\n\t\t\t\t\t\t\t\t\t\t\t\t\t\t\t<img decoding=\"async\" width=\"1000\" height=\"560\" src=\"https:\/\/philenis.ch\/wp-content\/uploads\/2024\/10\/about1-1.jpg\" class=\"attachment-large size-large wp-image-4055\" alt=\"\" srcset=\"https:\/\/philenis.ch\/wp-content\/uploads\/2024\/10\/about1-1.jpg 1000w, https:\/\/philenis.ch\/wp-content\/uploads\/2024\/10\/about1-1-300x168.jpg 300w, https:\/\/philenis.ch\/wp-content\/uploads\/2024\/10\/about1-1-768x430.jpg 768w\" sizes=\"(max-width: 1000px) 100vw, 1000px\" \/>\t\t\t\t\t\t\t\t\t\t\t\t\t\t\t<\/div>\n\t\t\t\t<\/div>\n\t\t\t\t<div class=\"elementor-element elementor-element-e0dd43a elementor-widget elementor-widget-image\" data-id=\"e0dd43a\" data-element_type=\"widget\" data-e-type=\"widget\" data-widget_type=\"image.default\">\n\t\t\t\t<div class=\"elementor-widget-container\">\n\t\t\t\t\t\t\t\t\t\t\t\t\t\t\t<img decoding=\"async\" width=\"1000\" height=\"667\" src=\"https:\/\/philenis.ch\/wp-content\/uploads\/2024\/09\/AdobeStock_163263646.jpg\" class=\"attachment-large size-large wp-image-3927\" alt=\"\" srcset=\"https:\/\/philenis.ch\/wp-content\/uploads\/2024\/09\/AdobeStock_163263646.jpg 1000w, https:\/\/philenis.ch\/wp-content\/uploads\/2024\/09\/AdobeStock_163263646-300x200.jpg 300w, https:\/\/philenis.ch\/wp-content\/uploads\/2024\/09\/AdobeStock_163263646-768x512.jpg 768w\" sizes=\"(max-width: 1000px) 100vw, 1000px\" \/>\t\t\t\t\t\t\t\t\t\t\t\t\t\t\t<\/div>\n\t\t\t\t<\/div>\n\t\t\t\t<div class=\"elementor-element elementor-element-c48297e elementor-widget elementor-widget-image\" data-id=\"c48297e\" data-element_type=\"widget\" data-e-type=\"widget\" data-widget_type=\"image.default\">\n\t\t\t\t<div class=\"elementor-widget-container\">\n\t\t\t\t\t\t\t\t\t\t\t\t\t\t\t<img loading=\"lazy\" decoding=\"async\" width=\"515\" height=\"922\" src=\"https:\/\/philenis.ch\/wp-content\/uploads\/2024\/10\/about1.jpg\" class=\"attachment-large size-large wp-image-4047\" alt=\"\" srcset=\"https:\/\/philenis.ch\/wp-content\/uploads\/2024\/10\/about1.jpg 515w, https:\/\/philenis.ch\/wp-content\/uploads\/2024\/10\/about1-168x300.jpg 168w\" sizes=\"(max-width: 515px) 100vw, 515px\" \/>\t\t\t\t\t\t\t\t\t\t\t\t\t\t\t<\/div>\n\t\t\t\t<\/div>\n\t\t\t\t<\/div>\n\t\t<div class=\"elementor-element elementor-element-51b695b e-flex e-con-boxed e-con e-child\" data-id=\"51b695b\" data-element_type=\"container\" data-e-type=\"container\" data-settings=\"{&quot;background_background&quot;:&quot;classic&quot;}\">\n\t\t\t\t\t<div class=\"e-con-inner\">\n\t\t\t\t<div class=\"elementor-element elementor-element-7109043 elementor-drop-cap-yes elementor-drop-cap-view-default elementor-widget elementor-widget-text-editor\" data-id=\"7109043\" data-element_type=\"widget\" data-e-type=\"widget\" data-settings=\"{&quot;drop_cap&quot;:&quot;yes&quot;}\" data-widget_type=\"text-editor.default\">\n\t\t\t\t<div class=\"elementor-widget-container\">\n\t\t\t\t\t\t\t\t\t<p>The Phil\u00e9nis Foundation was created on May 6, 2022 by non-profit organization\/NGO <a href=\"https:\/\/www.aspasie.ch\/\">Aspasie<\/a> to combat the abuses suffered by sex workers in Geneva.<\/p>\n<p>Despite the law on prostitution (L-PROST) in Geneva, which aims to protect sex workers, their working conditions remain problematic: strong relationships of dependence between sex workers and the managers of erotic establishments, apartments\u2019 landlords who demand exorbitant rents to sex workers, often abusive working conditions, and insalubrious state of many workplaces, among other factors, keep many sex workers in precarious situations.<\/p>\n<p>In response to these challenges, Phil\u00e9nis Foundation supports, contributes to and develops projects and activities that promote the autonomy and rights of sex workers.<\/p>\n<p>In concrete terms, Phil\u00e9nis rent and manages living and working spaces at fair prices, enabling sex workers to live and work in better conditions, both in terms of housing and work, while considerably reducing the financial pressures and constraints that keep them in often exploitative situations.<\/p>\n<p>The Fondation Phil\u00e9nis is a non-profit organization, with no political, religious or governmental affiliations. All profits, returns and net rental income are allocated in their entirety to the pursuit of the Foundation\u2019s objectives. <\/p>\n\t\t\t\t\t\t\t\t<\/div>\n\t\t\t\t<\/div>\n\t\t\t\t\t<\/div>\n\t\t\t\t<\/div>\n\t\t\t\t<\/div>\n\t\t\t\t\t<\/div>\n\t\t\t\t<\/div>\n\t\t\t\t<\/div>\n\t\t","protected":false},"excerpt":{"rendered":"<p>Who are we? The Phil\u00e9nis Foundation was created on May 6, 2022 by non-profit organization\/NGO Aspasie to combat the abuses suffered by sex workers in Geneva. Despite the law on prostitution (L-PROST) in Geneva, which aims to protect sex workers, their working conditions remain problematic: strong relationships of dependence between sex workers and the managers [&hellip;]<\/p>\n","protected":false},"author":1,"featured_media":0,"parent":0,"menu_order":0,"comment_status":"closed","ping_status":"closed","template":"","meta":{"site-sidebar-layout":"no-sidebar","site-content-layout":"page-builder","ast-site-content-layout":"full-width-container","site-content-style":"unboxed","site-sidebar-style":"unboxed","ast-global-header-display":"","ast-banner-title-visibility":"","ast-main-header-display":"","ast-hfb-above-header-display":"","ast-hfb-below-header-display":"","ast-hfb-mobile-header-display":"","site-post-title":"disabled","ast-breadcrumbs-content":"","ast-featured-img":"disabled","footer-sml-layout":"","ast-disable-related-posts":"","theme-transparent-header-meta":"enabled","adv-header-id-meta":"","stick-header-meta":"","header-above-stick-meta":"","header-main-stick-meta":"","header-below-stick-meta":"","astra-migrate-meta-layouts":"default","ast-page-background-enabled":"default","ast-page-background-meta":{"desktop":{"background-color":"var(--ast-global-color-4)","background-image":"","background-repeat":"repeat","background-position":"center center","background-size":"auto","background-attachment":"scroll","background-type":"","background-media":"","overlay-type":"","overlay-color":"","overlay-opacity":"","overlay-gradient":""},"tablet":{"background-color":"","background-image":"","background-repeat":"repeat","background-position":"center center","background-size":"auto","background-attachment":"scroll","background-type":"","background-media":"","overlay-type":"","overlay-color":"","overlay-opacity":"","overlay-gradient":""},"mobile":{"background-color":"","background-image":"","background-repeat":"repeat","background-position":"center center","background-size":"auto","background-attachment":"scroll","background-type":"","background-media":"","overlay-type":"","overlay-color":"","overlay-opacity":"","overlay-gradient":""}},"ast-content-background-meta":{"desktop":{"background-color":"var(--ast-global-color-5)","background-image":"","background-repeat":"repeat","background-position":"center center","background-size":"auto","background-attachment":"scroll","background-type":"","background-media":"","overlay-type":"","overlay-color":"","overlay-opacity":"","overlay-gradient":""},"tablet":{"background-color":"var(--ast-global-color-5)","background-image":"","background-repeat":"repeat","background-position":"center center","background-size":"auto","background-attachment":"scroll","background-type":"","background-media":"","overlay-type":"","overlay-color":"","overlay-opacity":"","overlay-gradient":""},"mobile":{"background-color":"var(--ast-global-color-5)","background-image":"","background-repeat":"repeat","background-position":"center center","background-size":"auto","background-attachment":"scroll","background-type":"","background-media":"","overlay-type":"","overlay-color":"","overlay-opacity":"","overlay-gradient":""}},"footnotes":""},"class_list":["post-4075","page","type-page","status-publish","hentry"],"yoast_head":"<!-- This site is optimized with the Yoast SEO plugin v27.3 - https:\/\/yoast.com\/product\/yoast-seo-wordpress\/ -->\n<title>Phil\u00e9nis - Our mission and values<\/title>\n<meta name=\"description\" content=\"Find out more about the mission of the Phil\u00e9nis Foundation, which aims to provide safe and affordable living and working spaces for sex workers in Geneva.\" \/>\n<meta name=\"robots\" content=\"index, follow, max-snippet:-1, max-image-preview:large, max-video-preview:-1\" \/>\n<link rel=\"canonical\" href=\"https:\/\/philenis.ch\/en\/about\/\" \/>\n<meta property=\"og:locale\" content=\"en_US\" \/>\n<meta property=\"og:type\" content=\"article\" \/>\n<meta property=\"og:title\" content=\"Phil\u00e9nis - Our mission and values\" \/>\n<meta property=\"og:description\" content=\"Find out more about the mission of the Phil\u00e9nis Foundation, which aims to provide safe and affordable living and working spaces for sex workers in Geneva.\" \/>\n<meta property=\"og:url\" content=\"https:\/\/philenis.ch\/en\/about\/\" \/>\n<meta property=\"og:site_name\" content=\"Phil\u00e9nis\" \/>\n<meta property=\"article:modified_time\" content=\"2024-10-14T13:39:31+00:00\" \/>\n<meta property=\"og:image\" content=\"https:\/\/philenis.ch\/wp-content\/uploads\/2024\/08\/body3-quisommesnous.jpg\" \/>\n\t<meta property=\"og:image:width\" content=\"526\" \/>\n\t<meta property=\"og:image:height\" content=\"727\" \/>\n\t<meta property=\"og:image:type\" content=\"image\/jpeg\" \/>\n<meta name=\"twitter:card\" content=\"summary_large_image\" \/>\n<meta name=\"twitter:label1\" content=\"Est. reading time\" \/>\n\t<meta name=\"twitter:data1\" content=\"1 minute\" \/>\n<script type=\"application\/ld+json\" class=\"yoast-schema-graph\">{\"@context\":\"https:\\\/\\\/schema.org\",\"@graph\":[{\"@type\":\"WebPage\",\"@id\":\"https:\\\/\\\/philenis.ch\\\/en\\\/about\\\/\",\"url\":\"https:\\\/\\\/philenis.ch\\\/en\\\/about\\\/\",\"name\":\"Phil\u00e9nis - Our mission and values\",\"isPartOf\":{\"@id\":\"https:\\\/\\\/philenis.ch\\\/en\\\/#website\"},\"primaryImageOfPage\":{\"@id\":\"https:\\\/\\\/philenis.ch\\\/en\\\/about\\\/#primaryimage\"},\"image\":{\"@id\":\"https:\\\/\\\/philenis.ch\\\/en\\\/about\\\/#primaryimage\"},\"thumbnailUrl\":\"https:\\\/\\\/philenis.ch\\\/wp-content\\\/uploads\\\/2024\\\/08\\\/body3-quisommesnous.jpg\",\"datePublished\":\"2024-08-26T13:54:44+00:00\",\"dateModified\":\"2024-10-14T13:39:31+00:00\",\"description\":\"Find out more about the mission of the Phil\u00e9nis Foundation, which aims to provide safe and affordable living and working spaces for sex workers in Geneva.\",\"breadcrumb\":{\"@id\":\"https:\\\/\\\/philenis.ch\\\/en\\\/about\\\/#breadcrumb\"},\"inLanguage\":\"en-US\",\"potentialAction\":[{\"@type\":\"ReadAction\",\"target\":[\"https:\\\/\\\/philenis.ch\\\/en\\\/about\\\/\"]}]},{\"@type\":\"ImageObject\",\"inLanguage\":\"en-US\",\"@id\":\"https:\\\/\\\/philenis.ch\\\/en\\\/about\\\/#primaryimage\",\"url\":\"https:\\\/\\\/philenis.ch\\\/wp-content\\\/uploads\\\/2024\\\/08\\\/body3-quisommesnous.jpg\",\"contentUrl\":\"https:\\\/\\\/philenis.ch\\\/wp-content\\\/uploads\\\/2024\\\/08\\\/body3-quisommesnous.jpg\"},{\"@type\":\"BreadcrumbList\",\"@id\":\"https:\\\/\\\/philenis.ch\\\/en\\\/about\\\/#breadcrumb\",\"itemListElement\":[{\"@type\":\"ListItem\",\"position\":1,\"name\":\"Accueil\",\"item\":\"https:\\\/\\\/philenis.ch\\\/en\\\/\"},{\"@type\":\"ListItem\",\"position\":2,\"name\":\"About\"}]},{\"@type\":\"WebSite\",\"@id\":\"https:\\\/\\\/philenis.ch\\\/en\\\/#website\",\"url\":\"https:\\\/\\\/philenis.ch\\\/en\\\/\",\"name\":\"Fondation Phil\u00e9nis\",\"description\":\"Lieux de vie et de travail \u00e0 prix \u00e9quitable pour les travailleur\u00b7euse\u00b7x\u00b7s du sexe\",\"publisher\":{\"@id\":\"https:\\\/\\\/philenis.ch\\\/en\\\/#organization\"},\"potentialAction\":[{\"@type\":\"SearchAction\",\"target\":{\"@type\":\"EntryPoint\",\"urlTemplate\":\"https:\\\/\\\/philenis.ch\\\/en\\\/?s={search_term_string}\"},\"query-input\":{\"@type\":\"PropertyValueSpecification\",\"valueRequired\":true,\"valueName\":\"search_term_string\"}}],\"inLanguage\":\"en-US\"},{\"@type\":\"Organization\",\"@id\":\"https:\\\/\\\/philenis.ch\\\/en\\\/#organization\",\"name\":\"Fondation Phil\u00e9nis\",\"url\":\"https:\\\/\\\/philenis.ch\\\/en\\\/\",\"logo\":{\"@type\":\"ImageObject\",\"inLanguage\":\"en-US\",\"@id\":\"https:\\\/\\\/philenis.ch\\\/en\\\/#\\\/schema\\\/logo\\\/image\\\/\",\"url\":\"https:\\\/\\\/philenis.ch\\\/wp-content\\\/uploads\\\/2024\\\/10\\\/Philenis_Logo_Web_CouleursStandard.svg\",\"contentUrl\":\"https:\\\/\\\/philenis.ch\\\/wp-content\\\/uploads\\\/2024\\\/10\\\/Philenis_Logo_Web_CouleursStandard.svg\",\"caption\":\"Fondation Phil\u00e9nis\"},\"image\":{\"@id\":\"https:\\\/\\\/philenis.ch\\\/en\\\/#\\\/schema\\\/logo\\\/image\\\/\"}}]}<\/script>\n<!-- \/ Yoast SEO plugin. -->","yoast_head_json":{"title":"Phil\u00e9nis - Our mission and values","description":"Find out more about the mission of the Phil\u00e9nis Foundation, which aims to provide safe and affordable living and working spaces for sex workers in Geneva.","robots":{"index":"index","follow":"follow","max-snippet":"max-snippet:-1","max-image-preview":"max-image-preview:large","max-video-preview":"max-video-preview:-1"},"canonical":"https:\/\/philenis.ch\/en\/about\/","og_locale":"en_US","og_type":"article","og_title":"Phil\u00e9nis - Our mission and values","og_description":"Find out more about the mission of the Phil\u00e9nis Foundation, which aims to provide safe and affordable living and working spaces for sex workers in Geneva.","og_url":"https:\/\/philenis.ch\/en\/about\/","og_site_name":"Phil\u00e9nis","article_modified_time":"2024-10-14T13:39:31+00:00","og_image":[{"width":526,"height":727,"url":"https:\/\/philenis.ch\/wp-content\/uploads\/2024\/08\/body3-quisommesnous.jpg","type":"image\/jpeg"}],"twitter_card":"summary_large_image","twitter_misc":{"Est. reading time":"1 minute"},"schema":{"@context":"https:\/\/schema.org","@graph":[{"@type":"WebPage","@id":"https:\/\/philenis.ch\/en\/about\/","url":"https:\/\/philenis.ch\/en\/about\/","name":"Phil\u00e9nis - Our mission and values","isPartOf":{"@id":"https:\/\/philenis.ch\/en\/#website"},"primaryImageOfPage":{"@id":"https:\/\/philenis.ch\/en\/about\/#primaryimage"},"image":{"@id":"https:\/\/philenis.ch\/en\/about\/#primaryimage"},"thumbnailUrl":"https:\/\/philenis.ch\/wp-content\/uploads\/2024\/08\/body3-quisommesnous.jpg","datePublished":"2024-08-26T13:54:44+00:00","dateModified":"2024-10-14T13:39:31+00:00","description":"Find out more about the mission of the Phil\u00e9nis Foundation, which aims to provide safe and affordable living and working spaces for sex workers in Geneva.","breadcrumb":{"@id":"https:\/\/philenis.ch\/en\/about\/#breadcrumb"},"inLanguage":"en-US","potentialAction":[{"@type":"ReadAction","target":["https:\/\/philenis.ch\/en\/about\/"]}]},{"@type":"ImageObject","inLanguage":"en-US","@id":"https:\/\/philenis.ch\/en\/about\/#primaryimage","url":"https:\/\/philenis.ch\/wp-content\/uploads\/2024\/08\/body3-quisommesnous.jpg","contentUrl":"https:\/\/philenis.ch\/wp-content\/uploads\/2024\/08\/body3-quisommesnous.jpg"},{"@type":"BreadcrumbList","@id":"https:\/\/philenis.ch\/en\/about\/#breadcrumb","itemListElement":[{"@type":"ListItem","position":1,"name":"Accueil","item":"https:\/\/philenis.ch\/en\/"},{"@type":"ListItem","position":2,"name":"About"}]},{"@type":"WebSite","@id":"https:\/\/philenis.ch\/en\/#website","url":"https:\/\/philenis.ch\/en\/","name":"Fondation Phil\u00e9nis","description":"Lieux de vie et de travail \u00e0 prix \u00e9quitable pour les travailleur\u00b7euse\u00b7x\u00b7s du sexe","publisher":{"@id":"https:\/\/philenis.ch\/en\/#organization"},"potentialAction":[{"@type":"SearchAction","target":{"@type":"EntryPoint","urlTemplate":"https:\/\/philenis.ch\/en\/?s={search_term_string}"},"query-input":{"@type":"PropertyValueSpecification","valueRequired":true,"valueName":"search_term_string"}}],"inLanguage":"en-US"},{"@type":"Organization","@id":"https:\/\/philenis.ch\/en\/#organization","name":"Fondation Phil\u00e9nis","url":"https:\/\/philenis.ch\/en\/","logo":{"@type":"ImageObject","inLanguage":"en-US","@id":"https:\/\/philenis.ch\/en\/#\/schema\/logo\/image\/","url":"https:\/\/philenis.ch\/wp-content\/uploads\/2024\/10\/Philenis_Logo_Web_CouleursStandard.svg","contentUrl":"https:\/\/philenis.ch\/wp-content\/uploads\/2024\/10\/Philenis_Logo_Web_CouleursStandard.svg","caption":"Fondation Phil\u00e9nis"},"image":{"@id":"https:\/\/philenis.ch\/en\/#\/schema\/logo\/image\/"}}]}},"_links":{"self":[{"href":"https:\/\/philenis.ch\/en\/wp-json\/wp\/v2\/pages\/4075","targetHints":{"allow":["GET"]}}],"collection":[{"href":"https:\/\/philenis.ch\/en\/wp-json\/wp\/v2\/pages"}],"about":[{"href":"https:\/\/philenis.ch\/en\/wp-json\/wp\/v2\/types\/page"}],"author":[{"embeddable":true,"href":"https:\/\/philenis.ch\/en\/wp-json\/wp\/v2\/users\/1"}],"replies":[{"embeddable":true,"href":"https:\/\/philenis.ch\/en\/wp-json\/wp\/v2\/comments?post=4075"}],"version-history":[{"count":9,"href":"https:\/\/philenis.ch\/en\/wp-json\/wp\/v2\/pages\/4075\/revisions"}],"predecessor-version":[{"id":4413,"href":"https:\/\/philenis.ch\/en\/wp-json\/wp\/v2\/pages\/4075\/revisions\/4413"}],"wp:attachment":[{"href":"https:\/\/philenis.ch\/en\/wp-json\/wp\/v2\/media?parent=4075"}],"curies":[{"name":"wp","href":"https:\/\/api.w.org\/{rel}","templated":true}]}}